{"id":26,"date":"2025-11-04T12:41:57","date_gmt":"2025-11-04T12:41:57","guid":{"rendered":"https:\/\/aikido.org.rs\/w\/about\/"},"modified":"2026-04-08T02:18:24","modified_gmt":"2026-04-08T00:18:24","slug":"about","status":"publish","type":"page","link":"https:\/\/aikido.org.rs\/w\/about\/","title":{"rendered":"O nama"},"content":{"rendered":"\n<div class=\"wp-block-group alignfull has-background-background-color has-background has-global-padding is-layout-constrained wp-container-core-group-is-layout-7276a2bb wp-block-group-is-layout-constrained\" id=\"about\" style=\"margin-top:0;margin-bottom:0;padding-top:var(--wp--preset--spacing--60);padding-right:var(--wp--preset--spacing--30);padding-bottom:var(--wp--preset--spacing--60);padding-left:var(--wp--preset--spacing--30)\">\n<div class=\"wp-block-columns alignwide is-layout-flex wp-container-core-columns-is-layout-47c06fe3 wp-block-columns-is-layout-flex\">\n<div class=\"wp-block-column is-layout-flow wp-container-core-column-is-layout-119bc444 wp-block-column-is-layout-flow\" style=\"flex-basis:60%\">\n<h2 class=\"wp-block-heading\">Do\u017eivi autenti\u010dni Aikido u Srbiji<\/h2>\n\n\n\n<p class=\"has-medium-font-size\" style=\"margin-top:16px\">Srpska Aikido Federacija trenutno broji oko 30 klubova u zemlji i inostranstvu, od Srbije do Ju\u017enoafri\u010dke Republike. Sa dva Shihana i velikim brojem visokokotiranih dan Senseia, predstavlja najmnogoljudniju organizaciju u zemlji.<\/p>\n\n\n\n<div class=\"wp-block-buttons is-content-justification-left is-layout-flex wp-container-core-buttons-is-layout-fc4fd283 wp-block-buttons-is-layout-flex\">\n<div class=\"wp-block-button is-style-outline is-style-outline--1\"><a class=\"wp-block-button__link wp-element-button\" href=\"https:\/\/aikido.org.rs\/w\/contact\">Otkrijte jo\u0161&#8230;<\/a><\/div>\n<\/div>\n<\/div>\n\n\n\n<div class=\"wp-block-column is-vertically-aligned-top is-layout-flow wp-container-core-column-is-layout-f5bb311e wp-block-column-is-layout-flow\" style=\"flex-basis:50%\">\n<figure class=\"wp-block-image size-large has-custom-border\"><img loading=\"lazy\" decoding=\"async\" width=\"1024\" height=\"683\" src=\"https:\/\/aikido.org.rs\/w\/wp-content\/uploads\/2025\/11\/galerija-1-1024x683.jpg\" alt=\"\" class=\"wp-image-53\" style=\"border-radius:1.5rem;aspect-ratio:1;object-fit:cover\" srcset=\"https:\/\/aikido.org.rs\/w\/wp-content\/uploads\/2025\/11\/galerija-1-1024x683.jpg 1024w, https:\/\/aikido.org.rs\/w\/wp-content\/uploads\/2025\/11\/galerija-1-300x200.jpg 300w, https:\/\/aikido.org.rs\/w\/wp-content\/uploads\/2025\/11\/galerija-1-768x512.jpg 768w, https:\/\/aikido.org.rs\/w\/wp-content\/uploads\/2025\/11\/galerija-1.jpg 1440w\" sizes=\"auto, (max-width: 1024px) 100vw, 1024px\" \/><\/figure>\n<\/div>\n<\/div>\n<\/div>\n\n\n\n<div class=\"wp-block-group alignfull has-tertiary-background-color has-background has-global-padding is-layout-constrained wp-container-core-group-is-layout-7276a2bb wp-block-group-is-layout-constrained\" id=\"team\" style=\"margin-top:0;margin-bottom:0;padding-top:var(--wp--preset--spacing--60);padding-right:var(--wp--preset--spacing--30);padding-bottom:var(--wp--preset--spacing--60);padding-left:var(--wp--preset--spacing--30)\">\n<div class=\"wp-block-group alignwide is-vertical is-layout-flex wp-container-core-group-is-layout-fe9cc265 wp-block-group-is-layout-flex\">\n<div class=\"wp-block-group alignwide has-global-padding is-content-justification-left is-layout-constrained wp-container-core-group-is-layout-8b4c372c wp-block-group-is-layout-constrained\">\n<h2 class=\"wp-block-heading\" style=\"margin-top:12px\">Negovanje Harmonije i snage kroz Aikido trening<\/h2>\n\n\n\n<p class=\"has-medium-font-size\" style=\"margin-top:16px\">Upoznajte posve\u0107ene pojedince koji unapre\u0111uju na\u0161u strast prema aikidu.<\/p>\n<\/div>\n<\/div>\n\n\n\n<div class=\"wp-block-columns alignwide is-layout-flex wp-container-core-columns-is-layout-28f84493 wp-block-columns-is-layout-flex\">\n<div class=\"wp-block-column is-vertically-aligned-top is-layout-flow wp-container-core-column-is-layout-f5bb311e wp-block-column-is-layout-flow\">\n<div class=\"wp-block-columns has-background-background-color has-background is-layout-flex wp-container-core-columns-is-layout-d47a2335 wp-block-columns-is-layout-flex\" style=\"border-radius:1.5rem;padding-top:1.5rem;padding-right:1.5rem;padding-bottom:1.5rem;padding-left:1.5rem\">\n<div class=\"wp-block-column is-layout-flow wp-block-column-is-layout-flow\" style=\"flex-basis:40%\">\n<div class=\"wp-block-cover is-light\" style=\"min-height:320px;aspect-ratio:unset;\"><img loading=\"lazy\" decoding=\"async\" width=\"183\" height=\"275\" class=\"wp-block-cover__image-background wp-image-283 size-full\" alt=\"\" src=\"https:\/\/aikido.org.rs\/w\/wp-content\/uploads\/2026\/04\/tim-1.jpg\" data-object-fit=\"cover\"\/><span aria-hidden=\"true\" class=\"wp-block-cover__background has-background-dim\" style=\"background-color:#8f8477\"><\/span><div class=\"wp-block-cover__inner-container is-layout-flow wp-block-cover-is-layout-flow\">\n<p class=\"has-text-align-center has-large-font-size\"><\/p>\n<\/div><\/div>\n<\/div>\n\n\n\n<div class=\"wp-block-column is-layout-flow wp-block-column-is-layout-flow\" style=\"padding-top:var(--wp--preset--spacing--20);padding-bottom:var(--wp--preset--spacing--20)\">\n<h4 class=\"wp-block-heading\" style=\"font-size:clamp(15.747px, 0.984rem + ((1vw - 3.2px) * 0.86), 24px);\">Velibor Vesovi\u0107, Shihan<\/h4>\n\n\n\n<p>7.DAN AIKIKAI<\/p>\n\n\n\n<p class=\"has-primary-color has-text-color has-small-font-size\" style=\"margin-top:4px\">Predsednik<\/p>\n\n\n\n<p class=\"has-small-font-size\" style=\"margin-top:12px\">Vrhunski stru\u010dnjak fokusiran na unapre\u0111enje na\u0161ih metoda obuke kroz inovacije i preciznost.<\/p>\n<\/div>\n<\/div>\n\n\n\n<div class=\"wp-block-columns has-background-background-color has-background is-layout-flex wp-container-core-columns-is-layout-d47a2335 wp-block-columns-is-layout-flex\" style=\"border-radius:1.5rem;padding-top:1.5rem;padding-right:1.5rem;padding-bottom:1.5rem;padding-left:1.5rem\">\n<div class=\"wp-block-column is-layout-flow wp-block-column-is-layout-flow\" style=\"flex-basis:40%\">\n<div class=\"wp-block-cover is-light\" style=\"min-height:320px;aspect-ratio:unset;\"><img loading=\"lazy\" decoding=\"async\" width=\"183\" height=\"275\" class=\"wp-block-cover__image-background wp-image-81 size-full\" alt=\"\" src=\"https:\/\/aikido.org.rs\/w\/wp-content\/uploads\/2025\/11\/tim-4.jpg\" data-object-fit=\"cover\"\/><span aria-hidden=\"true\" class=\"wp-block-cover__background has-background-dim\" style=\"background-color:#bfa9a2\"><\/span><div class=\"wp-block-cover__inner-container is-layout-flow wp-block-cover-is-layout-flow\">\n<p class=\"has-text-align-center has-large-font-size\"><\/p>\n<\/div><\/div>\n<\/div>\n\n\n\n<div class=\"wp-block-column is-layout-flow wp-block-column-is-layout-flow\" style=\"padding-top:var(--wp--preset--spacing--20);padding-bottom:var(--wp--preset--spacing--20)\">\n<h4 class=\"wp-block-heading\" style=\"font-size:clamp(15.747px, 0.984rem + ((1vw - 3.2px) * 0.86), 24px);\">Njego\u0161 \u0110akovi\u0107, Shihan<\/h4>\n\n\n\n<p>7.DAN AIKIKAI<\/p>\n\n\n\n<p class=\"has-primary-color has-text-color has-small-font-size\" style=\"margin-top:4px\">\u010clan upravnog odbora<\/p>\n\n\n\n<p class=\"has-small-font-size\" style=\"margin-top:12px\">Vo\u0111en vizijom, ovaj stru\u010dnjak vodi u\u010denike ka majstorstvu i disciplini.<\/p>\n<\/div>\n<\/div>\n<\/div>\n\n\n\n<div class=\"wp-block-column is-layout-flow wp-container-core-column-is-layout-f5bb311e wp-block-column-is-layout-flow\">\n<div class=\"wp-block-columns has-background-background-color has-background is-layout-flex wp-container-core-columns-is-layout-d47a2335 wp-block-columns-is-layout-flex\" style=\"border-radius:1.5rem;padding-top:1.5rem;padding-right:1.5rem;padding-bottom:1.5rem;padding-left:1.5rem\">\n<div class=\"wp-block-column is-layout-flow wp-block-column-is-layout-flow\" style=\"flex-basis:40%\">\n<div class=\"wp-block-cover\" style=\"min-height:320px;aspect-ratio:unset;\"><img loading=\"lazy\" decoding=\"async\" width=\"183\" height=\"275\" class=\"wp-block-cover__image-background wp-image-59\" alt=\"\" src=\"https:\/\/aikido.org.rs\/w\/wp-content\/uploads\/2025\/11\/tim-2.jpg\" data-object-fit=\"cover\"\/><span aria-hidden=\"true\" class=\"wp-block-cover__background has-background-dim\"><\/span><div class=\"wp-block-cover__inner-container is-layout-flow wp-block-cover-is-layout-flow\">\n<p class=\"has-text-align-center has-large-font-size\"><\/p>\n<\/div><\/div>\n<\/div>\n\n\n\n<div class=\"wp-block-column is-layout-flow wp-block-column-is-layout-flow\" style=\"padding-top:var(--wp--preset--spacing--20);padding-bottom:var(--wp--preset--spacing--20)\">\n<h4 class=\"wp-block-heading has-text-align-left\" style=\"font-size:clamp(15.747px, 0.984rem + ((1vw - 3.2px) * 0.86), 24px);\">Dejan Stamenkovi\u0107, Shidoin<\/h4>\n\n\n\n<p>6.DAN AIKIKAI<\/p>\n\n\n\n<p class=\"has-text-align-left has-primary-color has-text-color has-small-font-size\" style=\"margin-top:4px\">Potpredsednik<\/p>\n\n\n\n<p class=\"has-small-font-size\" style=\"margin-top:12px\">Intenzivnim treningom trudi se  da pro\u0161iri na\u0161 domet i obogati na\u0161e programe obuke.<\/p>\n\n\n\n<p><\/p>\n<\/div>\n<\/div>\n\n\n\n<div class=\"wp-block-columns has-background-background-color has-background is-layout-flex wp-container-core-columns-is-layout-d47a2335 wp-block-columns-is-layout-flex\" style=\"border-radius:1.5rem;padding-top:1.5rem;padding-right:1.5rem;padding-bottom:1.5rem;padding-left:1.5rem\">\n<div class=\"wp-block-column is-layout-flow wp-block-column-is-layout-flow\" style=\"flex-basis:40%\">\n<div class=\"wp-block-cover\" style=\"min-height:320px;aspect-ratio:unset;\"><img loading=\"lazy\" decoding=\"async\" width=\"183\" height=\"275\" class=\"wp-block-cover__image-background wp-image-83 size-full\" alt=\"\" src=\"https:\/\/aikido.org.rs\/w\/wp-content\/uploads\/2025\/11\/tim-3.jpg\" data-object-fit=\"cover\"\/><span aria-hidden=\"true\" class=\"wp-block-cover__background has-background-dim\" style=\"background-color:#7f7a75\"><\/span><div class=\"wp-block-cover__inner-container is-layout-flow wp-block-cover-is-layout-flow\">\n<p class=\"has-text-align-center has-large-font-size\"><\/p>\n<\/div><\/div>\n<\/div>\n\n\n\n<div class=\"wp-block-column is-layout-flow wp-block-column-is-layout-flow\" style=\"padding-top:var(--wp--preset--spacing--20);padding-bottom:var(--wp--preset--spacing--20)\">\n<h4 class=\"wp-block-heading\" style=\"font-size:clamp(15.747px, 0.984rem + ((1vw - 3.2px) * 0.86), 24px);\">Milan Mosurovi\u0107, Shidoin<\/h4>\n\n\n\n<p>6.DAN AIKIKAI<\/p>\n\n\n\n<p class=\"has-primary-color has-text-color has-small-font-size\" style=\"margin-top:4px\">\u010clan upravnog odbora<\/p>\n\n\n\n<p class=\"has-small-font-size\" style=\"margin-top:12px\">Poznat po organizovanju dinami\u010dnih doga\u0111aja koji anga\u017euju i inspiri\u0161u na\u0161u zajednicu.<\/p>\n<\/div>\n<\/div>\n<\/div>\n<\/div>\n<\/div>\n\n\n\n<div class=\"wp-block-group alignfull has-background-background-color has-background has-global-padding is-layout-constrained wp-container-core-group-is-layout-7276a2bb wp-block-group-is-layout-constrained\" style=\"margin-top:0;margin-bottom:0;padding-top:var(--wp--preset--spacing--60);padding-right:var(--wp--preset--spacing--30);padding-bottom:var(--wp--preset--spacing--60);padding-left:var(--wp--preset--spacing--30)\">\n<div class=\"wp-block-group has-global-padding is-layout-constrained wp-block-group-is-layout-constrained\">\n<h2 class=\"wp-block-heading has-text-align-center has-large-font-size\">Nacionalni Aikido Seminar 2025<\/h2>\n\n\n\n<div class=\"wp-block-group is-content-justification-center is-nowrap is-layout-flex wp-container-core-group-is-layout-34813730 wp-block-group-is-layout-flex\" style=\"margin-top:var(--wp--preset--spacing--20)\">\n<p class=\"has-small-font-size\">Date: 07.12.2025.<\/p>\n\n\n\n<p class=\"has-small-font-size\">Location: Zavod za Sport &#8211; Ko\u0161utnjak<\/p>\n<\/div>\n\n\n\n<p class=\"has-text-align-center\" style=\"margin-top:16px\">Do\u017eivite sklad ve\u0161tine i duha na Nacionalnom seminaru za  Srpske Aikido Federacije. U\u010dite od stru\u010dnih instruktora, pove\u017eite se sa kolegama prakti\u010darima i produbite svoje razumevanje filozofije i tehnika Aikida u podsticajnom okru\u017eenju.<\/p>\n\n\n\n<p class=\"has-text-align-center\" style=\"margin-top:16px\"><\/p>\n\n\n\n<div class=\"wp-block-buttons is-horizontal is-content-justification-center is-layout-flex wp-container-core-buttons-is-layout-6c960267 wp-block-buttons-is-layout-flex\">\n<div class=\"wp-block-button\"><a class=\"wp-block-button__link wp-element-button\" href=\"https:\/\/aikido.org.rs\/w\/national-seminar-2025-2\/\">Saznaj vi\u0161e&#8230;<\/a><\/div>\n<\/div>\n<\/div>\n\n\n\n<div class=\"wp-block-cover alignwide is-light wp-duotone-333-rgb255255255-2\" style=\"border-radius:1rem;padding-top:var(--wp--preset--spacing--40);padding-bottom:var(--wp--preset--spacing--40)\"><img loading=\"lazy\" decoding=\"async\" width=\"1024\" height=\"500\" class=\"wp-block-cover__image-background wp-image-291 size-full\" alt=\"\" src=\"https:\/\/aikido.org.rs\/w\/wp-content\/uploads\/2026\/04\/IMG_4505-scaled-e1765838853360-1024x500-1.jpg\" data-object-fit=\"cover\" srcset=\"https:\/\/aikido.org.rs\/w\/wp-content\/uploads\/2026\/04\/IMG_4505-scaled-e1765838853360-1024x500-1.jpg 1024w, https:\/\/aikido.org.rs\/w\/wp-content\/uploads\/2026\/04\/IMG_4505-scaled-e1765838853360-1024x500-1-300x146.jpg 300w, https:\/\/aikido.org.rs\/w\/wp-content\/uploads\/2026\/04\/IMG_4505-scaled-e1765838853360-1024x500-1-768x375.jpg 768w\" sizes=\"auto, (max-width: 1024px) 100vw, 1024px\" \/><span aria-hidden=\"true\" class=\"wp-block-cover__background has-background-dim-0 has-background-dim\" style=\"background-color:#8d7e69\"><\/span><div class=\"wp-block-cover__inner-container is-layout-flow wp-block-cover-is-layout-flow\">\n<div style=\"height:380px\" aria-hidden=\"true\" class=\"wp-block-spacer\"><\/div>\n<\/div><\/div>\n<\/div>\n","protected":false},"excerpt":{"rendered":"<p>Do\u017eivi autenti\u010dni Aikido u Srbiji Srpska Aikido Federacija trenutno broji oko 30 klubova u zemlji i inostranstvu, od Srbije do Ju\u017enoafri\u010dke Republike. Sa dva Shihana i velikim brojem visokokotiranih dan [&hellip;]<\/p>\n","protected":false},"author":1,"featured_media":0,"parent":0,"menu_order":0,"comment_status":"closed","ping_status":"closed","template":"page-with-title","meta":{"_EventAllDay":false,"_EventTimezone":"","_EventStartDate":"","_EventEndDate":"","_EventStartDateUTC":"","_EventEndDateUTC":"","_EventShowMap":false,"_EventShowMapLink":false,"_EventURL":"","_EventCost":"","_EventCostDescription":"","_EventCurrencySymbol":"","_EventCurrencyCode":"","_EventCurrencyPosition":"","_EventDateTimeSeparator":"","_EventTimeRangeSeparator":"","_EventOrganizerID":[],"_EventVenueID":[],"_OrganizerEmail":"","_OrganizerPhone":"","_OrganizerWebsite":"","_VenueAddress":"","_VenueCity":"","_VenueCountry":"","_VenueProvince":"","_VenueState":"","_VenueZip":"","_VenuePhone":"","_VenueURL":"","_VenueStateProvince":"","_VenueLat":"","_VenueLng":"","_VenueShowMap":false,"_VenueShowMapLink":false,"footnotes":""},"class_list":["post-26","page","type-page","status-publish","hentry"],"aioseo_notices":[],"_links":{"self":[{"href":"https:\/\/aikido.org.rs\/w\/wp-json\/wp\/v2\/pages\/26","targetHints":{"allow":["GET"]}}],"collection":[{"href":"https:\/\/aikido.org.rs\/w\/wp-json\/wp\/v2\/pages"}],"about":[{"href":"https:\/\/aikido.org.rs\/w\/wp-json\/wp\/v2\/types\/page"}],"author":[{"embeddable":true,"href":"https:\/\/aikido.org.rs\/w\/wp-json\/wp\/v2\/users\/1"}],"replies":[{"embeddable":true,"href":"https:\/\/aikido.org.rs\/w\/wp-json\/wp\/v2\/comments?post=26"}],"version-history":[{"count":10,"href":"https:\/\/aikido.org.rs\/w\/wp-json\/wp\/v2\/pages\/26\/revisions"}],"predecessor-version":[{"id":293,"href":"https:\/\/aikido.org.rs\/w\/wp-json\/wp\/v2\/pages\/26\/revisions\/293"}],"wp:attachment":[{"href":"https:\/\/aikido.org.rs\/w\/wp-json\/wp\/v2\/media?parent=26"}],"curies":[{"name":"wp","href":"https:\/\/api.w.org\/{rel}","templated":true}]}}